{"id":1159,"date":"2022-05-23T09:05:50","date_gmt":"2022-05-23T08:05:50","guid":{"rendered":"https:\/\/uphymob.eu\/index.php\/quienes-somos\/"},"modified":"2023-06-26T08:31:52","modified_gmt":"2023-06-26T07:31:52","slug":"quienes-somos","status":"publish","type":"page","link":"https:\/\/uphymob.eu\/es\/quienes-somos\/","title":{"rendered":"Qui\u00e9nes somos"},"content":{"rendered":"\n<div style=\"height:50px\" aria-hidden=\"true\" class=\"wp-block-spacer\"><\/div>\n\n\n\n<style type=\"text\/css\"> @media only screen and (min-width: 976px){\n\n.skt-blocks-block-advanced-heading.block-31df950d-e176-40a9-895e-8a863aa3a22d .responsive-heading-title-text {\n font-size: 26px !important; margin-bottom: 47px !important; }\n\n.skt-blocks-block-advanced-heading.block-31df950d-e176-40a9-895e-8a863aa3a22d .responsive-heading-seperator {\n margin-bottom: 9px !important; }\n\n.skt-blocks-block-advanced-heading.block-31df950d-e176-40a9-895e-8a863aa3a22d .responsive-heading-desc-text {\n margin-bottom: 0px !important; }\n}\n @media only screen and (min-width: 768px) and (max-width: 976px){\n\n.skt-blocks-block-advanced-heading.block-31df950d-e176-40a9-895e-8a863aa3a22d .responsive-heading-title-text {\n margin-bottom: 15px !important; }\n\n.skt-blocks-block-advanced-heading.block-31df950d-e176-40a9-895e-8a863aa3a22d .responsive-heading-seperator {\n margin-bottom: 15px !important; }\n\n.skt-blocks-block-advanced-heading.block-31df950d-e176-40a9-895e-8a863aa3a22d .responsive-heading-desc-text {\n margin-bottom: 15px !important; }\n}\n @media only screen and (max-width: 767px){\n .skt-blocks-block-advanced-heading.block-31df950d-e176-40a9-895e-8a863aa3a22d .responsive-heading-title-text {\n margin-bottom: 15px !important; }\n .skt-blocks-block-advanced-heading.block-31df950d-e176-40a9-895e-8a863aa3a22d .responsive-heading-seperator {\n margin-bottom: 15px !important; }\n .skt-blocks-block-advanced-heading.block-31df950d-e176-40a9-895e-8a863aa3a22d .responsive-heading-desc-text {\n margin-bottom: 15px !important; }\n}\n<\/style><style type=\"text\/css\"> @media only screen and (min-width: 976px){\n\n.skt-blocks-block-advanced-heading.block-31df950d-e176-40a9-895e-8a863aa3a22d .responsive-heading-desc-text {\n font-size: undefinedpx !important; }\n}\n<\/style><style type=\"text\/css\"> @media only screen and (min-width: 976px){\n .skt-blocks-block-advanced-heading.block-31df950d-e176-40a9-895e-8a863aa3a22d {\n text-align: center; }\n}\n @media only screen and (max-width: 976px){\n .skt-blocks-block-advanced-heading.block-31df950d-e176-40a9-895e-8a863aa3a22d {\n text-align: center; }\n}\n @media only screen and (max-width: 767px){\n .skt-blocks-block-advanced-heading.block-31df950d-e176-40a9-895e-8a863aa3a22d {\n text-align: center; }\n}\n<\/style><div class=\"skt-blocks-block-advanced-heading block-31df950d-e176-40a9-895e-8a863aa3a22d\"><h2 class=\"responsive-heading-title-text\" style=\"font-family:Montserrat;font-weight:700;line-height:1;letter-spacing:0\">CONOZCA A LOS SOCIOS<\/h2><div class=\"responsive-heading-seperator-wrap\"><div class=\"responsive-heading-seperator\" style=\"border-top-style:solid;border-top-width:1px;width:167px;border-color:#dee1e4\"><\/div><\/div><p class=\"responsive-heading-desc-text\" style=\"font-weight:400;line-height:1;letter-spacing:0\"><\/p><\/div>\n\n\n\n<div class=\"wp-block-skt-blocks-section gbposterity-home-section9 skt-blocks-block-section-outer-wrap block-3f24c195-1180-4677-b6d1-66b6c4ed008d background-type-color alignundefined\" style=\"z-index:1;max-width:;margin-left:;margin-right:\"><style type=\"text\/css\"> @media only screen and (max-width: 976px){\n .block-3f24c195-1180-4677-b6d1-66b6c4ed008d .skt-blocks-block-section{\n margin-top: 0px; margin-bottom: 0px; margin-left: 0px; margin-right: 0px; padding-top: 100px; padding-bottom: 100px; padding-left: 20px; padding-right: 20px; }\n}\n @media only screen and (max-width: 767px){\n .block-3f24c195-1180-4677-b6d1-66b6c4ed008d .skt-blocks-block-section{\n margin-top: 0px; margin-bottom: 0px; margin-left: 0px; margin-right: 0px; padding-top: 100px; padding-bottom: 100px; padding-left: 20px; padding-right: 20px; }\n}\n @media only screen and (min-width: 976px){\n .block-3f24c195-1180-4677-b6d1-66b6c4ed008d .skt-blocks-block-section{\n margin-top: 0px; margin-bottom: 0px; margin-left: 0px; margin-right: 0px; padding-top: 100px; padding-bottom: 100px; padding-left: 20px; padding-right: 20px; }\n}\n .block-3f24c195-1180-4677-b6d1-66b6c4ed008d.skt-blocks-block-section-outer-wrap.background-type-image{\n background-image: linear-gradient(rgba(255, 255, 255, 1),rgba(255, 255, 255, 1)),url(undefined); background-position: center-center; background-attachment: scroll; background-repeat: no-repeat; background-size: cover; border-radius: 0px; }\n .block-3f24c195-1180-4677-b6d1-66b6c4ed008d.skt-blocks-block-section-outer-wrap.background-type-image .skt-blocks-block-section.overlay-type-color{\n background-color: rgba(255, 255, 255, 1); }\n .block-3f24c195-1180-4677-b6d1-66b6c4ed008d.skt-blocks-block-section-outer-wrap.background-type-image .skt-blocks-block-section.overlay-type-gradient.linear{\n background-image: linear-gradient(0deg, rgba(255, 255, 255, 1) 0%, rgba(255, 255, 255, 1) 100%); }\n .block-3f24c195-1180-4677-b6d1-66b6c4ed008d.skt-blocks-block-section-outer-wrap.background-type-image .skt-blocks-block-section.overlay-type-gradient.radial{\n background-image: radial-gradient( at center center, rgba(255, 255, 255, 1) 0%, rgba(255, 255, 255, 1) 100%); }\n .block-3f24c195-1180-4677-b6d1-66b6c4ed008d.background-type-video .skt-blocks-block-section {\n background-color: rgba(255, 255, 255, 1); }\n<\/style><style type=\"text\/css\"> .block-3f24c195-1180-4677-b6d1-66b6c4ed008d .responsive-section-inner-wrap {\n max-width : 100%; }\n @media only screen and (min-width: 976px){\n .block-3f24c195-1180-4677-b6d1-66b6c4ed008d .responsive-section-inner-wrap, .page.page-template-gutenberg-fullwidth .block-3f24c195-1180-4677-b6d1-66b6c4ed008d.alignfull .responsive-section-inner-wrap {\n max-width : 1130px !important; }\n}\n @media only screen and (max-width: 976px){\n .block-3f24c195-1180-4677-b6d1-66b6c4ed008d .responsive-section-inner-wrap, .page.page-template-gutenberg-fullwidth .block-3f24c195-1180-4677-b6d1-66b6c4ed008d.alignfull .responsive-section-inner-wrap {\n max-width : 1140px !important; }\n}\n @media only screen and (max-width: 767px){\n .block-3f24c195-1180-4677-b6d1-66b6c4ed008d .responsive-section-inner-wrap, .page.page-template-gutenberg-fullwidth .block-3f24c195-1180-4677-b6d1-66b6c4ed008d.alignfull .responsive-section-inner-wrap {\n max-width : 1140px !important; }\n}\n<\/style><section class=\"responsive-section-wrap skt-blocks-block-section overlay-type-color linear\" style=\"border-width:1px;border-style:none;border-radius:0;background-color:rgba(255, 255, 255, 1);box-shadow:0px 0px 0px 0px undefined \"><div class=\"responsive-section-inner-wrap\" style=\"z-index:1\">\n<div class=\"wp-block-skt-blocks-team-wrapper has-columns has-2-columns has-responsive-columns has-huge-gutter\"><div class=\"skt-blocks-font-size-large skt-blocks-block-team image-shape-undefined\" style=\"background-image:linear-gradient(100deg,rgba(255, 255, 255, 1)0% ,rgba(255, 255, 255, 1)100% );background-size:cover;background-repeat:no-repeat;background-position:center-center;background-attachment:scroll;border-width:4px;border-color:#ffffff;border-radius:8px;padding:1px;text-align:center;box-shadow:0px 20px 60px 10px #8ed1fc  \"><div class=\"skt-blocks-team-avatar-wrapper\" style=\"text-align:-webkit-center\"><figure class=\"skt-blocks-team-avatar\" style=\"width:200px;text-align:justify\"><img decoding=\"async\" class=\"skt-blocks-team-avatar-img\" src=\"https:\/\/uphymob.eu\/wp-content\/uploads\/2022\/06\/FHa-logo-new-transparent-1024x512.png\" alt=\"\"><\/figure><\/div><div class=\"skt-blocks-team-content\"><h3 class=\"skt-blocks-team-name\" style=\"color:#282828;font-family:Poppins;font-size:18px;font-weight:600;margin-bottom:6px\"><a href=\"https:\/\/hidrogenoaragon.org\/en\/\" target=\"_blank\" rel=\"noreferrer noopener\">La Fundaci\u00f3n para el Desarrollo de las Nuevas Tecnolog\u00edas del Hidr\u00f3geno en Arag\u00f3n<\/a> &#8211; Socio L\u00edder<\/h3><div class=\"skt-blocks-team-description\" style=\"font-size:15px\"><p>La Fundaci\u00f3n para el Desarrollo de las Nuevas Tecnolog\u00edas del Hidr\u00f3geno en Arag\u00f3n es una entidad privada sin \u00e1nimo de lucro, apoyada por el Gobierno de Arag\u00f3n y diferentes sectores industriales, que desde 2003 apoya el desarrollo de proyectos estrat\u00e9gicos, a corto, medio y largo plazo, en el \u00e1mbito de las tecnolog\u00edas del hidr\u00f3geno y las pilas de combustible con el fin de crear empleo, generar riqueza y mejorar la competitividad del sector industrial en la Comunidad Aut\u00f3noma de Arag\u00f3n.<\/p><\/div><div class=\"skt-blocks-team-social-icons-wrapper\"><ul class=\"skt-blocks-team-social-icons\"><li><a href=\"https:\/\/twitter.com\/HidrogenoAragon\"><span class=\"dashicons dashicons-twitter\" style=\"color:#0066CC;font-size:1.5em;text-decoration:none;height:1.5em;width:1.5em\"><\/span><\/a><\/li><li><a href=\"https:\/\/www.facebook.com\/fundacionhidrogenoaragon\"><span class=\"dashicons dashicons-facebook\" style=\"color:#0066CC;font-size:1.5em;text-decoration:none;height:1.5em;width:1.5em\"><\/span><\/a><\/li><li><a href=\"https:\/\/www.linkedin.com\/company\/fundacion-hidrogeno-aragon\/\"><span class=\"dashicons dashicons-linkedin\" style=\"color:#0066CC;font-size:1.5em;text-decoration:none;height:1.5em;width:1.5em\"><\/span><\/a><\/li><li><a href=\"https:\/\/www.youtube.com\/user\/hidrogenoaragon\"><span class=\"dashicons dashicons-youtube\" style=\"color:#0066CC;font-size:1.5em;text-decoration:none;height:1.5em;width:1.5em\"><\/span><\/a><\/li><\/ul><\/div><\/div><\/div><div class=\"skt-blocks-font-size-large skt-blocks-block-team image-shape-undefined\" style=\"background-image:linear-gradient(100deg,rgba(255, 255, 255, 1)0% ,rgba(255, 255, 255, 1)100% );background-size:cover;background-repeat:no-repeat;background-position:center-center;background-attachment:scroll;border-width:4px;border-color:#ffffff;border-radius:8px;padding:1px;text-align:center;box-shadow:0px 20px 60px 10px #8ed1fc  \"><div class=\"skt-blocks-team-avatar-wrapper\" style=\"text-align:-webkit-center\"><figure class=\"skt-blocks-team-avatar\" style=\"width:200px;text-align:justify\"><img decoding=\"async\" class=\"skt-blocks-team-avatar-img\" src=\"https:\/\/uphymob.eu\/wp-content\/uploads\/2022\/05\/promea-logo-transparent5-2-1024x427.png\" alt=\"\"><\/figure><\/div><div class=\"skt-blocks-team-content\"><h3 class=\"skt-blocks-team-name\" style=\"color:#282828;font-family:Poppins;font-size:18px;font-weight:600;margin-bottom:6px\"><a href=\"http:\/\/promea.gr\/\" target=\"_blank\" rel=\"noreferrer noopener\">Promea<\/a><\/h3><div class=\"skt-blocks-team-description\" style=\"font-size:15px\"><p>PROMEA es una sociedad sin \u00e1nimo de lucro, con sede en Atenas (Grecia), cuyo objetivo es promover y apoyar las metodolog\u00edas de I+D, especialmente las relacionadas con la innovaci\u00f3n de la comunicaci\u00f3n y el aprendizaje. PROMEA fue fundada en 2006 por investigadores y cient\u00edficos que comparten una visi\u00f3n com\u00fan sobre contenidos abiertos, soluciones impulsadas por la comunidad, fuertes derechos de privacidad para los individuos y la sociedad civil, y la igualdad de oportunidades para el acceso al conocimiento. <\/p><\/div><div class=\"skt-blocks-team-social-icons-wrapper\"><ul class=\"skt-blocks-team-social-icons\"><li><a href=\"http:\/\/promea.gr\/\"><span class=\"dashicons dashicons-twitter\" style=\"color:#0066CC;font-size:1.5em;text-decoration:none;height:1.5em;width:1.5em\"><\/span><\/a><\/li><li><a href=\"https:\/\/www.facebook.com\/PromeaEU\"><span class=\"dashicons dashicons-facebook\" style=\"color:#0066CC;font-size:1.5em;text-decoration:none;height:1.5em;width:1.5em\"><\/span><\/a><\/li><li><a href=\"https:\/\/www.linkedin.com\/company\/promea-the-hellenic-society-for-the-promotion-of-research-and-development-methodologies\/\"><span class=\"dashicons dashicons-linkedin\" style=\"color:#0066CC;font-size:1.5em;text-decoration:none;height:1.5em;width:1.5em\"><\/span><\/a><\/li><li><a href=\"http:\/\/promea.gr\/\"><span class=\"dashicons dashicons-youtube\" style=\"color:#0066CC;font-size:1.5em;text-decoration:none;height:1.5em;width:1.5em\"><\/span><\/a><\/li><\/ul><\/div><\/div><\/div><\/div>\n\n\n\n<div style=\"height:50px\" aria-hidden=\"true\" class=\"wp-block-spacer\"><\/div>\n\n\n\n<div class=\"wp-block-skt-blocks-team-wrapper has-columns has-3-columns has-responsive-columns has-medium-gutter\"><div class=\"skt-blocks-font-size-large skt-blocks-block-team image-shape-undefined\" style=\"background-image:linear-gradient(100deg,rgba(255, 255, 255, 1)0% ,rgba(255, 255, 255, 1)100% );background-size:cover;background-repeat:no-repeat;background-position:center-center;background-attachment:scroll;border-width:2px;border-color:#ffffff;border-radius:8px;padding:0;text-align:none;box-shadow:0px 20px 50px 10px #8ed1fc \"><div class=\"skt-blocks-team-avatar-wrapper\" style=\"text-align:-webkit-none\"><figure class=\"skt-blocks-team-avatar\" style=\"width:200px;text-align:justify\"><img decoding=\"async\" class=\"skt-blocks-team-avatar-img\" src=\"https:\/\/uphymob.eu\/wp-content\/uploads\/2022\/05\/IST_A_RGB_POS.png\" alt=\"\"\/><\/figure><\/div><div class=\"skt-blocks-team-content\"><h3 class=\"skt-blocks-team-name\" style=\"color:#282828;font-family:Poppins;font-size:18px;font-weight:600;margin-bottom:3px\"><a href=\"https:\/\/tecnico.ulisboa.pt\/\" target=\"_blank\" rel=\"noreferrer noopener\">Instituto Superior T\u00e9cnico<\/a><\/h3><div class=\"skt-blocks-team-description\" style=\"font-size:15px\"><p>Instituto Superior T\u00e9cnico aims to contribute to the development of society, promoting excellence in higher education, in the fields of Architecture, Engineering, Science and Technology by developing Research, Development and Innovation (RD&amp;I) activities.<\/p><\/div><div class=\"skt-blocks-team-social-icons-wrapper\"><ul class=\"skt-blocks-team-social-icons\"><li><a href=\"https:\/\/twitter.com\/istecnico\"><span class=\"dashicons dashicons-twitter\" style=\"color:#0066CC;font-size:1.5em;text-decoration:none;height:1.5em;width:1.5em\"><\/span><\/a><\/li><li><a href=\"https:\/\/www.facebook.com\/tecnico.ulisboa.pt\"><span class=\"dashicons dashicons-facebook\" style=\"color:#0066CC;font-size:1.5em;text-decoration:none;height:1.5em;width:1.5em\"><\/span><\/a><\/li><li><a href=\"https:\/\/www.linkedin.com\/school\/ist\/\"><span class=\"dashicons dashicons-linkedin\" style=\"color:#0066CC;font-size:1.5em;text-decoration:none;height:1.5em;width:1.5em\"><\/span><\/a><\/li><li><a href=\"https:\/\/www.youtube.com\/user\/isttv\"><span class=\"dashicons dashicons-youtube\" style=\"color:#0066CC;font-size:1.5em;text-decoration:none;height:1.5em;width:1.5em\"><\/span><\/a><\/li><\/ul><\/div><\/div><\/div><div class=\"skt-blocks-font-size-large skt-blocks-block-team image-shape-undefined\" style=\"background-image:linear-gradient(100deg,rgba(255, 255, 255, 1)0% ,rgba(255, 255, 255, 1)100% );background-size:cover;background-repeat:no-repeat;background-position:center-center;background-attachment:scroll;border-width:2px;border-color:#ffffff;border-radius:8px;padding:0;text-align:none;box-shadow:0px 20px 50px 10px #8ed1fc \"><div class=\"skt-blocks-team-avatar-wrapper\" style=\"text-align:-webkit-none\"><figure class=\"skt-blocks-team-avatar\" style=\"width:200px;text-align:justify\"><img decoding=\"async\" class=\"skt-blocks-team-avatar-img\" src=\"https:\/\/uphymob.eu\/wp-content\/uploads\/2022\/07\/hoz_color_fsv_website_dimensions2.png\" alt=\"\"\/><\/figure><\/div><div class=\"skt-blocks-team-content\"><h3 class=\"skt-blocks-team-name\" style=\"color:#282828;font-family:Poppins;font-size:18px;font-weight:600;margin-bottom:3px\"><a href=\"http:\/\/gruposanvalero.es\">San Valero Foundation<\/a><\/h3><div class=\"skt-blocks-team-description\" style=\"font-size:15px\"><p>Since 1953, FSV is a VET pioneer through the use of educational resources and innovative methodologies, and tailor-made expert courses in close collaboration with international companies. Being the mother company of the <a href=\"http:\/\/www.gruposanvalero.es\/\" target=\"_blank\" rel=\"noreferrer noopener\">San Valero Education Group<\/a>\u00a0(an <a href=\"http:\/\/www.seas.es\/\" target=\"_blank\" rel=\"noreferrer noopener\">Open Studies Centre<\/a>, <a href=\"https:\/\/www.usj.es\/\" target=\"_blank\" rel=\"noreferrer noopener\">the unique private University in Arag\u00f3n<\/a>), FSV facilitates the implementation of prospective actions in a wide educational spectrum and geographical area, and the implementation of measures for new expert courses in VET and HED degrees, hand-in-hand with the business world in a wide range of professional fields.<\/p><\/div><div class=\"skt-blocks-team-social-icons-wrapper\"><ul class=\"skt-blocks-team-social-icons\"><li><a href=\"\"><span class=\"dashicons dashicons-twitter\" style=\"color:#0066CC;font-size:1.5em;text-decoration:none;height:1.5em;width:1.5em\"><\/span><\/a><\/li><li><a href=\"https:\/\/www.facebook.com\/sanvalero\"><span class=\"dashicons dashicons-facebook\" style=\"color:#0066CC;font-size:1.5em;text-decoration:none;height:1.5em;width:1.5em\"><\/span><\/a><\/li><li><a href=\"https:\/\/www.linkedin.com\/company\/fundaci%C3%B3n-san-valero\/\"><span class=\"dashicons dashicons-linkedin\" style=\"color:#0066CC;font-size:1.5em;text-decoration:none;height:1.5em;width:1.5em\"><\/span><\/a><\/li><li><a href=\" https:\/\/www.youtube.com\/user\/GrupoSanValero\/\"><span class=\"dashicons dashicons-youtube\" style=\"color:#0066CC;font-size:1.5em;text-decoration:none;height:1.5em;width:1.5em\"><\/span><\/a><\/li><\/ul><\/div><\/div><\/div><div class=\"skt-blocks-font-size-large skt-blocks-block-team image-shape-undefined\" style=\"background-image:linear-gradient(100deg,rgba(255, 255, 255, 1)0% ,rgba(255, 255, 255, 1)100% );background-size:cover;background-repeat:no-repeat;background-position:center-center;background-attachment:scroll;border-width:2px;border-color:#ffffff;border-radius:8px;padding:0;text-align:none;box-shadow:0px 20px 50px 10px #8ed1fc \"><div class=\"skt-blocks-team-avatar-wrapper\" style=\"text-align:-webkit-none\"><figure class=\"skt-blocks-team-avatar\" style=\"width:200px;text-align:justify\"><img decoding=\"async\" class=\"skt-blocks-team-avatar-img\" src=\"https:\/\/uphymob.eu\/wp-content\/uploads\/2022\/05\/innovela-transparent-square.png\" alt=\"\"\/><\/figure><\/div><div class=\"skt-blocks-team-content\"><h3 class=\"skt-blocks-team-name\" style=\"color:#282828;font-family:Poppins;font-size:18px;font-weight:600;margin-bottom:3px\"><a href=\"http:\/\/www.innovela.be\/\" target=\"_blank\" rel=\"noreferrer noopener\">Innovela Sprl<\/a> &#8211; Dissemination Leader<\/h3><div class=\"skt-blocks-team-description\" style=\"font-size:15px\"><p>Innovela Sprl is a fast-growing start-up company based in Brussels, Belgium. Founded in 2018, Innovela provides research and development consulting services focusing on the fields of ICT innovation, environmental change, circular economy, and people\u2019s development. The company\u2019s mission is to provide realistic and innovative sustainable development solutions to the emerging environmental and societal challenges in Europe.<\/p><\/div><div class=\"skt-blocks-team-social-icons-wrapper\"><ul class=\"skt-blocks-team-social-icons\"><li><a href=\"https:\/\/www.innovela.be\/\"><span class=\"dashicons dashicons-twitter\" style=\"color:#0066CC;font-size:1.5em;text-decoration:none;height:1.5em;width:1.5em\"><\/span><\/a><\/li><li><a href=\"https:\/\/www.facebook.com\/InnovelaEU\"><span class=\"dashicons dashicons-facebook\" style=\"color:#0066CC;font-size:1.5em;text-decoration:none;height:1.5em;width:1.5em\"><\/span><\/a><\/li><li><a href=\"https:\/\/www.linkedin.com\/company\/70433266\/admin\/\"><span class=\"dashicons dashicons-linkedin\" style=\"color:#0066CC;font-size:1.5em;text-decoration:none;height:1.5em;width:1.5em\"><\/span><\/a><\/li><li><a href=\"https:\/\/www.linkedin.com\/company\/innovela-sprl\"><span class=\"dashicons dashicons-youtube\" style=\"color:#0066CC;font-size:1.5em;text-decoration:none;height:1.5em;width:1.5em\"><\/span><\/a><\/li><\/ul><\/div><\/div><\/div><\/div>\n<\/div><\/section><\/div>\n","protected":false},"excerpt":{"rendered":"","protected":false},"author":1,"featured_media":0,"parent":0,"menu_order":0,"comment_status":"closed","ping_status":"closed","template":"templates\/builder-fullwidth-gb.php","meta":{"inspiro_hide_title":false,"footnotes":""},"class_list":["post-1159","page","type-page","status-publish","hentry"],"_links":{"self":[{"href":"https:\/\/uphymob.eu\/es\/wp-json\/wp\/v2\/pages\/1159","targetHints":{"allow":["GET"]}}],"collection":[{"href":"https:\/\/uphymob.eu\/es\/wp-json\/wp\/v2\/pages"}],"about":[{"href":"https:\/\/uphymob.eu\/es\/wp-json\/wp\/v2\/types\/page"}],"author":[{"embeddable":true,"href":"https:\/\/uphymob.eu\/es\/wp-json\/wp\/v2\/users\/1"}],"replies":[{"embeddable":true,"href":"https:\/\/uphymob.eu\/es\/wp-json\/wp\/v2\/comments?post=1159"}],"version-history":[{"count":4,"href":"https:\/\/uphymob.eu\/es\/wp-json\/wp\/v2\/pages\/1159\/revisions"}],"predecessor-version":[{"id":1326,"href":"https:\/\/uphymob.eu\/es\/wp-json\/wp\/v2\/pages\/1159\/revisions\/1326"}],"wp:attachment":[{"href":"https:\/\/uphymob.eu\/es\/wp-json\/wp\/v2\/media?parent=1159"}],"curies":[{"name":"wp","href":"https:\/\/api.w.org\/{rel}","templated":true}]}}