{"id":1163,"date":"2022-05-23T09:51:33","date_gmt":"2022-05-23T08:51:33","guid":{"rendered":"https:\/\/uphymob.eu\/index.php\/contacto\/"},"modified":"2022-09-15T11:09:16","modified_gmt":"2022-09-15T10:09:16","slug":"contacto","status":"publish","type":"page","link":"https:\/\/uphymob.eu\/es\/contacto\/","title":{"rendered":"Contacto"},"content":{"rendered":"\n<p>Para m\u00e1s informaci\u00f3n y consultas sobre el proyecto, no dude en ponerse en contacto con nosotros:<\/p>\n\n<div class=\"wp-block-skt-blocks-team-wrapper has-1-columns has-medium-gutter\"><div class=\"skt-blocks-font-size-full skt-blocks-block-team image-shape-undefined\" style=\"background-image:linear-gradient(100deg,rgba(0, 0, 0, 0.5)0% ,rgba(0, 0, 0, 0.5)100% ),url(https:\/\/uphymob.eu\/wp-content\/uploads\/2022\/05\/1280px-Fundacion_del_Hidrogeno-modified4.png);background-size:cover;background-repeat:no-repeat;background-position:center-center;background-attachment:scroll;border-width:2px;border-radius:2px;padding:15px;text-align:center;box-shadow:20px 20px 50px 20px undefined  \"><div class=\"skt-blocks-team-avatar-wrapper\" style=\"text-align:-webkit-center\"><figure class=\"skt-blocks-team-avatar\" style=\"width:250px;margin-top:100px;margin-bottom:100px;text-align:justify\"><img decoding=\"async\" class=\"skt-blocks-team-avatar-img\" src=\"https:\/\/uphymob.eu\/wp-content\/uploads\/2022\/06\/FHa-logo-new-transparent.png\" alt=\"\"><\/figure><\/div><div class=\"skt-blocks-team-content\"><h3 class=\"skt-blocks-team-name\" style=\"color:#5dcaf0;font-size:23px;margin-bottom:25px\">Gianluca Greco<\/h3><div class=\"skt-blocks-team-description\" style=\"color:#ffffff;font-size:15px\"><p>Fundaci\u00f3n para el Desarrollo de las Nuevas Tecnolog\u00edas del Hidr\u00f3geno en Arag\u00f3n &#8211; Espa\u00f1a<\/p><\/div><div class=\"skt-blocks-team-social-icons-wrapper\"><ul class=\"skt-blocks-team-social-icons\"><li><a href=\"mailto:ggreco@hidrogenoaragon.org\"><span class=\"dashicons dashicons-email\" style=\"color:#5dcaf0;font-size:2em;text-decoration:none;height:2em;width:2em\"><\/span><\/a><\/li><\/ul><\/div><\/div><\/div><\/div>\n\n<div style=\"height:20px\" aria-hidden=\"true\" class=\"wp-block-spacer\"><\/div>\n\n<div class=\"wp-block-skt-blocks-team-wrapper has-1-columns has-medium-gutter\"><div class=\"skt-blocks-font-size-full skt-blocks-block-team image-shape-undefined\" style=\"background-image:linear-gradient(100deg,rgba(0, 0, 0, 0.5)0% ,rgba(0, 0, 0, 0.5)100% ),url(https:\/\/uphymob.eu\/wp-content\/uploads\/2022\/05\/Calatrava_Agora_Athens_Olympic_Sports_Complex_250427331-modified2.jpg);background-size:cover;background-repeat:no-repeat;background-position:center-center;background-attachment:scroll;border-width:2px;border-radius:2px;padding:2px;text-align:center;box-shadow:20px 20px 50px 20px undefined  \"><div class=\"skt-blocks-team-avatar-wrapper\" style=\"text-align:-webkit-center\"><figure class=\"skt-blocks-team-avatar\" style=\"width:300px;text-align:justify\"><img decoding=\"async\" class=\"skt-blocks-team-avatar-img\" src=\"https:\/\/uphymob.eu\/wp-content\/uploads\/2022\/05\/promea-logo-transparent3.png\" alt=\"\"><\/figure><\/div><div class=\"skt-blocks-team-content\"><h3 class=\"skt-blocks-team-name\" style=\"color:#5dcaf0;font-size:23px\">Aglaia Vourda<\/h3><div class=\"skt-blocks-team-description\" style=\"color:#ffffff;font-size:15px\"><p>Promea &#8211; Grecia <\/p><\/div><div class=\"skt-blocks-team-social-icons-wrapper\"><ul class=\"skt-blocks-team-social-icons\"><li><a href=\"mailto:\"><span class=\"dashicons dashicons-email\" style=\"color:#5dcaf0;font-size:2em;text-decoration:none;height:2em;width:2em\"><\/span><\/a><\/li><\/ul><\/div><\/div><\/div><\/div>\n\n<div style=\"height:20px\" aria-hidden=\"true\" class=\"wp-block-spacer\"><\/div>\n\n<div class=\"wp-block-skt-blocks-team-wrapper has-1-columns has-medium-gutter\"><div class=\"skt-blocks-font-size-full skt-blocks-block-team image-shape-undefined\" style=\"background-image:linear-gradient(100deg,rgba(0, 0, 0, 0.5)0% ,rgba(0, 0, 0, 0.5)100% ),url(https:\/\/uphymob.eu\/wp-content\/uploads\/2022\/05\/Fonte-Luminosa-Lisboa-Portugal-by-Flickr-user-Biblioteca-de-Arte.jpg);background-size:cover;background-repeat:no-repeat;background-position:center-center;background-attachment:scroll;border-width:2px;border-radius:2px;padding:2px;text-align:center;box-shadow:20px 20px 50px 20px undefined  \"><div class=\"skt-blocks-team-avatar-wrapper\" style=\"text-align:-webkit-center\"><figure class=\"skt-blocks-team-avatar\" style=\"width:350px;text-align:justify\"><img decoding=\"async\" class=\"skt-blocks-team-avatar-img\" src=\"https:\/\/uphymob.eu\/wp-content\/uploads\/2022\/05\/IST_A_RGB_POS.png\" alt=\"\"><\/figure><\/div><div class=\"skt-blocks-team-content\"><h3 class=\"skt-blocks-team-name\" style=\"color:#5dcaf0;font-size:23px\">Ana Filipa Ferreira<\/h3><div class=\"skt-blocks-team-description\" style=\"color:#ffffff;font-size:15px\"><p>Instituto Superior T\u00e9cnico &#8211; Portugal<\/p><\/div><div class=\"skt-blocks-team-social-icons-wrapper\"><ul class=\"skt-blocks-team-social-icons\"><li><a href=\"mailto:\"><span class=\"dashicons dashicons-email\" style=\"color:#5dcaf0;font-size:2em;text-decoration:none;height:2em;width:2em\"><\/span><\/a><\/li><\/ul><\/div><\/div><\/div><\/div>\n\n<div style=\"height:20px\" aria-hidden=\"true\" class=\"wp-block-spacer\"><\/div>\n\n<div class=\"wp-block-skt-blocks-team-wrapper has-1-columns has-medium-gutter\"><div class=\"skt-blocks-font-size-full skt-blocks-block-team image-shape-undefined\" style=\"background-image:linear-gradient(100deg,rgba(0, 0, 0, 0.5)0% ,rgba(0, 0, 0, 0.5)100% ),url(https:\/\/uphymob.eu\/wp-content\/uploads\/2022\/05\/1280px-Balsas_de_tio_Jorge-modified2.jpg);background-size:cover;background-repeat:no-repeat;background-position:center-center;background-attachment:scroll;border-width:2px;border-radius:2px;padding:2px;text-align:center;box-shadow:20px 20px 50px 20px undefined  \"><div class=\"skt-blocks-team-avatar-wrapper\" style=\"text-align:-webkit-center\"><figure class=\"skt-blocks-team-avatar\" style=\"width:350px;text-align:justify\"><img decoding=\"async\" class=\"skt-blocks-team-avatar-img\" src=\"https:\/\/uphymob.eu\/wp-content\/uploads\/2022\/07\/fsv-transparent-white.png\" alt=\"\"><\/figure><\/div><div class=\"skt-blocks-team-content\"><h3 class=\"skt-blocks-team-name\" style=\"color:#5dcaf0;font-size:23px\">Nieves Zubalez<\/h3><div class=\"skt-blocks-team-description\" style=\"color:#ffffff;font-size:15px\"><p>Fundaci\u00f3n San Valero &#8211; Espa\u00f1a<\/p><\/div><div class=\"skt-blocks-team-social-icons-wrapper\"><ul class=\"skt-blocks-team-social-icons\"><li><a href=\"mailto:internacional@gruposanvalero.es\"><span class=\"dashicons dashicons-email\" style=\"color:#5dcaf0;font-size:2em;text-decoration:none;height:2em;width:2em\"><\/span><\/a><\/li><\/ul><\/div><\/div><\/div><\/div>\n\n<div style=\"height:20px\" aria-hidden=\"true\" class=\"wp-block-spacer\"><\/div>\n\n<div class=\"wp-block-skt-blocks-team-wrapper has-1-columns has-medium-gutter\"><div class=\"skt-blocks-font-size-full skt-blocks-block-team image-shape-undefined\" style=\"background-image:linear-gradient(100deg,rgba(0, 0, 0, 0.5)0% ,rgba(0, 0, 0, 0.5)100% ),url(https:\/\/uphymob.eu\/wp-content\/uploads\/2022\/05\/r10-atomium-grey-1602506608761-scaled.jpg);background-size:cover;background-repeat:no-repeat;background-position:center-center;background-attachment:scroll;border-width:2px;border-radius:2px;padding:2px;text-align:center;box-shadow:20px 20px 50px 20px undefined  \"><div class=\"skt-blocks-team-avatar-wrapper\" style=\"text-align:-webkit-center\"><figure class=\"skt-blocks-team-avatar\" style=\"width:250px;text-align:justify\"><img decoding=\"async\" class=\"skt-blocks-team-avatar-img\" src=\"https:\/\/uphymob.eu\/wp-content\/uploads\/2022\/05\/innovela-transparent-square.png\" alt=\"\"><\/figure><\/div><div class=\"skt-blocks-team-content\"><h3 class=\"skt-blocks-team-name\" style=\"color:#5dcaf0;font-size:23px\">Alexandre Vakoulas<\/h3><div class=\"skt-blocks-team-description\" style=\"color:#ffffff;font-size:15px\"><p>Innovela Sprl &#8211; B\u00e9lgica<\/p><\/div><div class=\"skt-blocks-team-social-icons-wrapper\"><ul class=\"skt-blocks-team-social-icons\"><li><a href=\"mailto:vakoulas@innovela.be\"><span class=\"dashicons dashicons-email\" style=\"color:#5dcaf0;font-size:2em;text-decoration:none;height:2em;width:2em\"><\/span><\/a><\/li><\/ul><\/div><\/div><\/div><\/div>\n\n<div style=\"height:30px\" aria-hidden=\"true\" class=\"wp-block-spacer\"><\/div>\n\n<p style=\"font-size:10px\"><em>Derechos de imagen:<\/em><br\/><em>Fondo de la F.H.A: Fundaci\u00f3n_del_Hidr\u00f3geno<\/em> <em>license.por el usuario de wikimedia Vallesturmo con licencia <em><a href=\"https:\/\/en.wikipedia.org\/wiki\/en:Creative_Commons\">Creative Commons<\/a> <a href=\"https:\/\/creativecommons.org\/licenses\/by-sa\/3.0\/deed.en\">Attribution-Share Alike 3.0 <\/a><\/em> La imagen original ha sido adaptada.<\/em><br\/><em>Fondo de Innovela: El edificio Atom de d\u00eda desde www.wallpaperflare.com<br\/>Fondo I.S.T.: Fonte Luminosa, Lisboa, Portugal por el usuario de Flickr \u00abBiblioteca de Arte \/ Art Library Funda\u00e7\u00e3o Calouste Gulbenkian\u00bb<br\/>Fondo F.S.V: \u00abBalsas del t\u00edo Jorge\u00bb por el usuario de wikimedia \u00abarkuin\u00bb con licencia <a href=\"https:\/\/en.wikipedia.org\/wiki\/en:Creative_Commons\">Creative Commons<\/a> <a href=\"https:\/\/creativecommons.org\/licenses\/by\/2.0\/deed.en\">Attribution 2.0 Generic.<\/a> El archivo original ha sido adaptado.<br\/>Fondo de Promea: Calatrava Agora Athens Olympic Sports Complex por el usuario de wikimedia Georgios Liakopoulos con licencia <a href=\"https:\/\/en.wikipedia.org\/wiki\/en:Creative_Commons\">Creative Commons<\/a> <a href=\"https:\/\/creativecommons.org\/licenses\/by-sa\/3.0\/deed.en\">Attribution-Share Alike 3.0 Unported<\/a> La imagen original ha sido adaptada.<\/em><\/p>\n","protected":false},"excerpt":{"rendered":"<p>Para m\u00e1s informaci\u00f3n y consultas sobre el proyecto, no dude en ponerse en contacto con nosotros: Derechos de imagen:Fondo de la F.H.A: Fundaci\u00f3n_del_Hidr\u00f3geno license.por el usuario de wikimedia Vallesturmo con licencia Creative Commons Attribution-Share Alike 3.0 La imagen original ha sido adaptada.Fondo de Innovela: El edificio Atom de d\u00eda desde www.wallpaperflare.comFondo I.S.T.: Fonte Luminosa, Lisboa, &hellip; <\/p>\n<p class=\"link-more\"><a href=\"https:\/\/uphymob.eu\/es\/contacto\/\" class=\"more-link\">Leer m\u00e1s<span class=\"screen-reader-text\"> \u00abContacto\u00bb<\/span><\/a><\/p>\n","protected":false},"author":1,"featured_media":0,"parent":0,"menu_order":0,"comment_status":"closed","ping_status":"closed","template":"","meta":{"inspiro_hide_title":false,"footnotes":""},"class_list":["post-1163","page","type-page","status-publish","hentry"],"_links":{"self":[{"href":"https:\/\/uphymob.eu\/es\/wp-json\/wp\/v2\/pages\/1163","targetHints":{"allow":["GET"]}}],"collection":[{"href":"https:\/\/uphymob.eu\/es\/wp-json\/wp\/v2\/pages"}],"about":[{"href":"https:\/\/uphymob.eu\/es\/wp-json\/wp\/v2\/types\/page"}],"author":[{"embeddable":true,"href":"https:\/\/uphymob.eu\/es\/wp-json\/wp\/v2\/users\/1"}],"replies":[{"embeddable":true,"href":"https:\/\/uphymob.eu\/es\/wp-json\/wp\/v2\/comments?post=1163"}],"version-history":[{"count":1,"href":"https:\/\/uphymob.eu\/es\/wp-json\/wp\/v2\/pages\/1163\/revisions"}],"predecessor-version":[{"id":1164,"href":"https:\/\/uphymob.eu\/es\/wp-json\/wp\/v2\/pages\/1163\/revisions\/1164"}],"wp:attachment":[{"href":"https:\/\/uphymob.eu\/es\/wp-json\/wp\/v2\/media?parent=1163"}],"curies":[{"name":"wp","href":"https:\/\/api.w.org\/{rel}","templated":true}]}}