{"id":1235,"date":"2022-05-23T09:17:57","date_gmt":"2022-05-23T08:17:57","guid":{"rendered":"https:\/\/uphymob.eu\/nouvelles-et-evenements\/"},"modified":"2022-10-06T14:32:24","modified_gmt":"2022-10-06T13:32:24","slug":"nouvelles-et-evenements","status":"publish","type":"page","link":"https:\/\/uphymob.eu\/fr\/nouvelles-et-evenements\/","title":{"rendered":"Nouvelles et \u00e9v\u00e9nements"},"content":{"rendered":"\n<div style=\"height:51px\" aria-hidden=\"true\" class=\"wp-block-spacer\"><\/div>\n\n<style type=\"text\/css\"> @media only screen and (min-width: 976px){\n\n.skt-blocks-block-advanced-heading.block-8e663079-296a-402b-b26b-ed823a14429d .responsive-heading-title-text {\n font-size: 26px !important; margin-bottom: 47px !important; }\n\n.skt-blocks-block-advanced-heading.block-8e663079-296a-402b-b26b-ed823a14429d .responsive-heading-seperator {\n margin-bottom: 38px !important; }\n\n.skt-blocks-block-advanced-heading.block-8e663079-296a-402b-b26b-ed823a14429d .responsive-heading-desc-text {\n margin-bottom: 25px !important; }\n}\n @media only screen and (min-width: 768px) and (max-width: 976px){\n\n.skt-blocks-block-advanced-heading.block-8e663079-296a-402b-b26b-ed823a14429d .responsive-heading-title-text {\n margin-bottom: 15px !important; }\n\n.skt-blocks-block-advanced-heading.block-8e663079-296a-402b-b26b-ed823a14429d .responsive-heading-seperator {\n margin-bottom: 15px !important; }\n\n.skt-blocks-block-advanced-heading.block-8e663079-296a-402b-b26b-ed823a14429d .responsive-heading-desc-text {\n margin-bottom: 15px !important; }\n}\n @media only screen and (max-width: 767px){\n .skt-blocks-block-advanced-heading.block-8e663079-296a-402b-b26b-ed823a14429d .responsive-heading-title-text {\n margin-bottom: 15px !important; }\n .skt-blocks-block-advanced-heading.block-8e663079-296a-402b-b26b-ed823a14429d .responsive-heading-seperator {\n margin-bottom: 15px !important; }\n .skt-blocks-block-advanced-heading.block-8e663079-296a-402b-b26b-ed823a14429d .responsive-heading-desc-text {\n margin-bottom: 15px !important; }\n}\n<\/style><style type=\"text\/css\"> @media only screen and (min-width: 976px){\n\n.skt-blocks-block-advanced-heading.block-8e663079-296a-402b-b26b-ed823a14429d .responsive-heading-desc-text {\n font-size: undefinedpx !important; }\n}\n<\/style><style type=\"text\/css\"> @media only screen and (min-width: 976px){\n .skt-blocks-block-advanced-heading.block-8e663079-296a-402b-b26b-ed823a14429d {\n text-align: center; }\n}\n @media only screen and (max-width: 976px){\n .skt-blocks-block-advanced-heading.block-8e663079-296a-402b-b26b-ed823a14429d {\n text-align: center; }\n}\n @media only screen and (max-width: 767px){\n .skt-blocks-block-advanced-heading.block-8e663079-296a-402b-b26b-ed823a14429d {\n text-align: center; }\n}\n<\/style><div class=\"skt-blocks-block-advanced-heading block-8e663079-296a-402b-b26b-ed823a14429d\"><h2 class=\"responsive-heading-title-text\" style=\"font-family:Montserrat;font-weight:700;line-height:1;letter-spacing:0\">DERNI\u00c8RES NOUVELLES<\/h2><div class=\"responsive-heading-seperator-wrap\"><div class=\"responsive-heading-seperator\" style=\"border-top-style:solid;border-top-width:1px;width:167px;border-color:#dee1e4\"><\/div><\/div><p class=\"responsive-heading-desc-text\" style=\"font-weight:400;line-height:1;letter-spacing:0\"><\/p><\/div>\n\n<div style=\"height:30px\" aria-hidden=\"true\" class=\"wp-block-spacer\"><\/div>\n\n<div style=\"height:50px\" aria-hidden=\"true\" class=\"wp-block-spacer\"><\/div>\n\n<style type=\"text\/css\"> @media only screen and (min-width: 976px){\n\n.skt-blocks-block-advanced-heading.block-b27bc92d-b401-46bf-891f-0ae0cf8e2ac0 .responsive-heading-title-text {\n font-size: 22px !important; margin-bottom: 47px !important; }\n\n.skt-blocks-block-advanced-heading.block-b27bc92d-b401-46bf-891f-0ae0cf8e2ac0 .responsive-heading-seperator {\n margin-bottom: 38px !important; }\n\n.skt-blocks-block-advanced-heading.block-b27bc92d-b401-46bf-891f-0ae0cf8e2ac0 .responsive-heading-desc-text {\n margin-bottom: 25px !important; }\n}\n @media only screen and (min-width: 768px) and (max-width: 976px){\n\n.skt-blocks-block-advanced-heading.block-b27bc92d-b401-46bf-891f-0ae0cf8e2ac0 .responsive-heading-title-text {\n margin-bottom: 15px !important; }\n\n.skt-blocks-block-advanced-heading.block-b27bc92d-b401-46bf-891f-0ae0cf8e2ac0 .responsive-heading-seperator {\n margin-bottom: 15px !important; }\n\n.skt-blocks-block-advanced-heading.block-b27bc92d-b401-46bf-891f-0ae0cf8e2ac0 .responsive-heading-desc-text {\n margin-bottom: 15px !important; }\n}\n @media only screen and (max-width: 767px){\n .skt-blocks-block-advanced-heading.block-b27bc92d-b401-46bf-891f-0ae0cf8e2ac0 .responsive-heading-title-text {\n margin-bottom: 15px !important; }\n .skt-blocks-block-advanced-heading.block-b27bc92d-b401-46bf-891f-0ae0cf8e2ac0 .responsive-heading-seperator {\n margin-bottom: 15px !important; }\n .skt-blocks-block-advanced-heading.block-b27bc92d-b401-46bf-891f-0ae0cf8e2ac0 .responsive-heading-desc-text {\n margin-bottom: 15px !important; }\n}\n<\/style><style type=\"text\/css\"> @media only screen and (min-width: 976px){\n\n.skt-blocks-block-advanced-heading.block-b27bc92d-b401-46bf-891f-0ae0cf8e2ac0 .responsive-heading-desc-text {\n font-size: undefinedpx !important; }\n}\n<\/style><style type=\"text\/css\"> @media only screen and (min-width: 976px){\n .skt-blocks-block-advanced-heading.block-b27bc92d-b401-46bf-891f-0ae0cf8e2ac0 {\n text-align: center; }\n}\n @media only screen and (max-width: 976px){\n .skt-blocks-block-advanced-heading.block-b27bc92d-b401-46bf-891f-0ae0cf8e2ac0 {\n text-align: center; }\n}\n @media only screen and (max-width: 767px){\n .skt-blocks-block-advanced-heading.block-b27bc92d-b401-46bf-891f-0ae0cf8e2ac0 {\n text-align: center; }\n}\n<\/style><div class=\"skt-blocks-block-advanced-heading block-b27bc92d-b401-46bf-891f-0ae0cf8e2ac0\"><h2 class=\"responsive-heading-title-text\" style=\"font-family:Montserrat;font-weight:700;line-height:1;letter-spacing:0\">Toutes les actualit\u00e9s et \u00e9v\u00e9nements<\/h2><p class=\"responsive-heading-desc-text\" style=\"font-weight:400;line-height:1;letter-spacing:0\"><\/p><\/div>\n\n<div style=\"height:30px\" aria-hidden=\"true\" class=\"wp-block-spacer\"><\/div>\n\n<div style=\"height:30px\" aria-hidden=\"true\" class=\"wp-block-spacer\"><\/div>\n\n<p><\/p>\n","protected":false},"excerpt":{"rendered":"","protected":false},"author":1,"featured_media":0,"parent":0,"menu_order":0,"comment_status":"closed","ping_status":"closed","template":"templates\/builder-fullwidth-gb.php","meta":{"inspiro_hide_title":false,"footnotes":""},"class_list":["post-1235","page","type-page","status-publish","hentry"],"_links":{"self":[{"href":"https:\/\/uphymob.eu\/fr\/wp-json\/wp\/v2\/pages\/1235","targetHints":{"allow":["GET"]}}],"collection":[{"href":"https:\/\/uphymob.eu\/fr\/wp-json\/wp\/v2\/pages"}],"about":[{"href":"https:\/\/uphymob.eu\/fr\/wp-json\/wp\/v2\/types\/page"}],"author":[{"embeddable":true,"href":"https:\/\/uphymob.eu\/fr\/wp-json\/wp\/v2\/users\/1"}],"replies":[{"embeddable":true,"href":"https:\/\/uphymob.eu\/fr\/wp-json\/wp\/v2\/comments?post=1235"}],"version-history":[{"count":1,"href":"https:\/\/uphymob.eu\/fr\/wp-json\/wp\/v2\/pages\/1235\/revisions"}],"predecessor-version":[{"id":1236,"href":"https:\/\/uphymob.eu\/fr\/wp-json\/wp\/v2\/pages\/1235\/revisions\/1236"}],"wp:attachment":[{"href":"https:\/\/uphymob.eu\/fr\/wp-json\/wp\/v2\/media?parent=1235"}],"curies":[{"name":"wp","href":"https:\/\/api.w.org\/{rel}","templated":true}]}}